{"id":24253,"date":"2026-03-27T13:20:12","date_gmt":"2026-03-27T07:50:12","guid":{"rendered":"https:\/\/uem.edu.in\/uem-jaipur\/?page_id=24253"},"modified":"2026-03-27T14:14:27","modified_gmt":"2026-03-27T08:44:27","slug":"uemj-indic-knowledge-systems-research-group","status":"publish","type":"page","link":"https:\/\/uem.edu.in\/uem-jaipur\/uemj-indic-knowledge-systems-research-group\/","title":{"rendered":"UEMJ Indic\u00a0Knowledge Systems\u00a0Research Group"},"content":{"rendered":"\n<div class=\"border border-gray-300 p-2\">\n    <div class=\"mx-auto rounded-lg bg-white p-1\">\n      <div class=\"flex flex-col md:flex-row items-center justify-between gap-4\">\n        <!-- Title &amp; Tagline -->\n        <div class=\"flex flex-col text-center md:text-left\">\n          <h2 class=\"font-semibold text-2xl text-gray-800\">\n            UEMJ Indic Knowledge Systems Research Group\n          <\/h2>\n          <h4 class=\"font-semibold text-lg text-gray-800\">\n            Bh\u0101rat\u012bya J\u00f1\u0101na Parampar\u0101\n          <\/h4>\n        <\/div>\n        <!-- Logo -->\n        <img decoding=\"async\"\n          src=\"https:\/\/media.uem.edu.in\/uploads\/sites\/3\/2026\/03\/Indic-Knowledge-Systems.webp\"\n          alt=\"UEMJ AI Innovation Lab Logo\"\n          class=\"h-auto w-44\"\n          loading=\"lazy\"\n        \/>\n      <\/div>\n    <\/div>\n\n    <!-- Research Group Tabs Navigation -->\n    <div class=\"flex overflow-x-auto border-b bg-gray-200 mt-4\">\n      <button\n        class=\"research-group-tab-button rounded-t-md border-t-2 border-r-2 border-l-2 px-6 py-3 font-semibold text-gray-700 hover:bg-gray-300 focus:bg-white active bg-white\"\n        data-research-group-tab=\"vision-mission\"\n      >\n        Vision &amp; Mission\n      <\/button>\n      <button\n        class=\"research-group-tab-button rounded-t-md border-t-2 border-r-2 border-l-2 px-6 py-3 font-semibold text-gray-700 hover:bg-gray-300 focus:bg-white\"\n        data-research-group-tab=\"objectives\"\n      >\n        Research Area\n      <\/button>\n      <button\n        class=\"research-group-tab-button rounded-t-md border-t-2 border-r-2 border-l-2 px-6 py-3 font-semibold text-gray-700 hover:bg-gray-300 focus:bg-white\"\n        data-research-group-tab=\"faculty\"\n      >\n        Faculty Members\n      <\/button>\n      <button\n        class=\"research-group-tab-button rounded-t-md border-t-2 border-r-2 border-l-2 px-6 py-3 font-semibold text-gray-700 hover:bg-gray-300 focus:bg-white\"\n        data-research-group-tab=\"contact\"\n      >\n        Contact\n      <\/button>\n    <\/div>\n    <!-- Research Group Tab Content -->\n    <div class=\"p-6\">\n      <div id=\"vision-mission\" class=\"research-group-tab-content\">\n        <div>\n          <h3 class=\"text-xl font-semibold text-gray-800\">Vision<\/h3>\n          <p>\n            To foster an innovative research ecosystem that celebrates and\n            advances India&#8217;s rich intellectual heritage, providing a platform\n            for faculty and students to engage in high-impact, interdisciplinary\n            projects in the domain of Indian Knowledge Systems.\n          <\/p>\n          <h3 class=\"text-xl font-semibold text-gray-800\">Mission<\/h3>\n          <p>\n            To catalyze the exploration, documentation, and revitalization of\n            Indian Knowledge Systems within our university, encouraging\n            interdisciplinary collaboration across humanities, sciences, and\n            technology \u2014 contributing to our institution&#8217;s vision of academic\n            excellence and cultural advancement.\n          <\/p>\n        <\/div>\n      <\/div>\n      <div id=\"objectives\" class=\"research-group-tab-content hidden\">\n        <h3 class=\"text-xl font-semibold text-gray-800 mb-2\">Research Area:<\/h3>\n        <ul class=\"list-style\">\n          <li>Vedic Mathematics and Ancient Indian Sciences<\/li>\n          <li>Ayurveda, Yoga, and Traditional Health Practices<\/li>\n          <li>Sanskrit Computational Linguistics and Natural Language Processing<\/li>\n          <li>Indian Philosophy, Logic, and Epistemology (Nyaya, Vaisheshika, Mimamsa)<\/li>\n          <li>Classical Indian Literature and Poetics (Kavyashastra, Natyashastra)<\/li>\n          <li>Indigenous Ecological Knowledge and Sustainable Practices<\/li>\n          <li>History and Philosophy of Indian Science and Technology<\/li>\n          <li>Digitisation and Preservation of Ancient Manuscripts<\/li>\n          <li>Integration of IKS with Modern STEM Education<\/li>\n          <li>Diverse real-world applications in Education, Culture, Healthcare, Sustainability, and Policy<\/li>\n        <\/ul>\n      <\/div>\n      <div id=\"faculty\" class=\"research-group-tab-content hidden\">\n        <div class=\"grid grid-cols-1 lg:grid-cols-3\">\n          <div class=\"flex flex-col items-center p-4\">\n            <img decoding=\"async\"\n              class=\"rounded-full w-72 h-72 object-cover\"\n              src=\"https:\/\/media.uem.edu.in\/uploads\/sites\/3\/2026\/03\/Mukesh-Yadav.webp\"\n              alt=\"Prof. Dr. Mukesh Yadav\"\n            \/>\n            <h4 class=\"mt-4 text-lg text-center font-medium text-gray-900\">\n              Prof. Dr. Mukesh Yadav (Associate Dean Academics and Foreign Relations)\n            <\/h4>\n          <\/div>\n\n          <div class=\"flex flex-col items-center p-4\">\n            <img decoding=\"async\"\n              class=\"rounded-full w-72 h-72 object-cover\"\n              src=\"https:\/\/media.uem.edu.in\/uploads\/sites\/3\/2026\/03\/Sanchari-Basak.webp\"\n              alt=\"Prof. Sanchari Basak\"\n            \/>\n            <h4 class=\"mt-4 text-lg text-center font-medium text-gray-900\">\n             Prof. Sanchari Basak (Department of English &#038; Humanities)\n            <\/h4>\n          <\/div>\n\n          <div class=\"flex flex-col items-center p-4\">\n            <img decoding=\"async\"\n              class=\"rounded-full w-72 h-72 object-cover\"\n              src=\"https:\/\/media.uem.edu.in\/uploads\/sites\/3\/2026\/03\/Rajni-Beniwal.webp\"\n              alt=\"Prof. Rajni Beniwal\"\n            \/>\n            <h4 class=\"mt-4 text-lg text-center font-medium text-gray-900\">\n              Prof. Rajni Beniwal (Department of English &#038; Humanities)  \n            <\/h4>\n          <\/div>\n\n          <div class=\"flex flex-col items-center p-4\">\n            <img decoding=\"async\"\n              class=\"rounded-full w-72 h-72 object-cover\"\n              src=\"https:\/\/media.uem.edu.in\/uploads\/sites\/3\/2026\/03\/Krishna-Kumar-Sharma.webp\"\n              alt=\"Prof. Krishna Kumar Sharma\"\n            \/>\n            <h4 class=\"mt-4 text-lg text-center font-medium text-gray-900\">\n              Prof. Krishna Kumar Sharma (Department of English &#038; Humanities)\n            <\/h4>\n          <\/div>\n\n          <div class=\"flex flex-col items-center p-4\">\n            <img decoding=\"async\"\n              class=\"rounded-full w-72 h-72 object-cover\"\n              src=\"https:\/\/media.uem.edu.in\/uploads\/sites\/3\/2026\/03\/Avinash-Kumar-Jha.webp\"\n              alt=\"Prof. Avinash Kumar Jha\"\n            \/>\n            <h4 class=\"mt-4 text-lg text-center font-medium text-gray-900\">\n              Prof. Avinash Kumar Jha (Department of English &#038; Humanities)\n            <\/h4>\n          <\/div>\n        <\/div>\n      <\/div>\n      <div id=\"contact\" class=\"research-group-tab-content hidden\">\n        <h3 class=\"text-xl font-semibold text-gray-800 mb-2\">\n          Prof. Sanchari Basak (Department of English &#038; Humanities) \n        <\/h3>\n        <p>\n          <b>E-mail:<\/b>\n          <a\n            class=\"text-surfTheWeb underline\"\n            href=\"mailto:sanchari.basak@uem.edu.in\"\n            >sanchari.basak@uem.edu.in<\/a\n          >\n        <\/p>\n      <\/div>\n    <\/div>\n<\/div>\n","protected":false},"excerpt":{"rendered":"<p>UEMJ Indic Knowledge Systems Research Group Bh\u0101rat\u012bya J\u00f1\u0101na Parampar\u0101 Vision &amp; Mission Research Area Faculty Members Contact Vision To foster an innovative research ecosystem that celebrates and advances India&#8217;s rich intellectual heritage, providing a platform for faculty and students to engage in high-impact, interdisciplinary projects in the domain of Indian Knowledge Systems. Mission To catalyze &hellip; <a href=\"https:\/\/uem.edu.in\/uem-jaipur\/uemj-indic-knowledge-systems-research-group\/\">Continued<\/a><\/p>\n","protected":false},"author":1,"featured_media":0,"parent":0,"menu_order":0,"comment_status":"closed","ping_status":"closed","template":"","meta":{"_acf_changed":false,"_monsterinsights_skip_tracking":false,"_monsterinsights_sitenote_active":false,"_monsterinsights_sitenote_note":"","_monsterinsights_sitenote_category":0,"jetpack_post_was_ever_published":false,"footnotes":""},"class_list":["post-24253","page","type-page","status-publish","hentry","wpautop"],"acf":[],"yoast_head":"<!-- This site is optimized with the Yoast SEO plugin v27.3 - https:\/\/yoast.com\/product\/yoast-seo-wordpress\/ -->\n<title>UEMJ Indic\u00a0Knowledge Systems\u00a0Research Group - UEM Jaipur<\/title>\n<meta name=\"robots\" content=\"index, follow, max-snippet:-1, max-image-preview:large, max-video-preview:-1\" \/>\n<link rel=\"canonical\" href=\"https:\/\/uem.edu.in\/uem-jaipur\/uemj-indic-knowledge-systems-research-group\/\" \/>\n<meta property=\"og:locale\" content=\"en_US\" \/>\n<meta property=\"og:type\" content=\"article\" \/>\n<meta property=\"og:title\" content=\"UEMJ Indic\u00a0Knowledge Systems\u00a0Research Group - UEM Jaipur\" \/>\n<meta property=\"og:description\" content=\"UEMJ Indic Knowledge Systems Research Group Bh\u0101rat\u012bya J\u00f1\u0101na Parampar\u0101 Vision &amp; Mission Research Area Faculty Members Contact Vision To foster an innovative research ecosystem that celebrates and advances India&#8217;s rich intellectual heritage, providing a platform for faculty and students to engage in high-impact, interdisciplinary projects in the domain of Indian Knowledge Systems. Mission To catalyze &hellip; Continued\" \/>\n<meta property=\"og:url\" content=\"https:\/\/uem.edu.in\/uem-jaipur\/uemj-indic-knowledge-systems-research-group\/\" \/>\n<meta property=\"og:site_name\" content=\"UEM Jaipur\" \/>\n<meta property=\"article:publisher\" content=\"https:\/\/www.facebook.com\/uemjpr\/\" \/>\n<meta property=\"article:modified_time\" content=\"2026-03-27T08:44:27+00:00\" \/>\n<meta name=\"twitter:card\" content=\"summary_large_image\" \/>\n<meta name=\"twitter:site\" content=\"@jaipur_uem\" \/>\n<meta name=\"twitter:label1\" content=\"Est. reading time\" \/>\n\t<meta name=\"twitter:data1\" content=\"3 minutes\" \/>\n<script type=\"application\/ld+json\" class=\"yoast-schema-graph\">{\"@context\":\"https:\\\/\\\/schema.org\",\"@graph\":[{\"@type\":\"WebPage\",\"@id\":\"https:\\\/\\\/uem.edu.in\\\/uem-jaipur\\\/uemj-indic-knowledge-systems-research-group\\\/\",\"url\":\"https:\\\/\\\/uem.edu.in\\\/uem-jaipur\\\/uemj-indic-knowledge-systems-research-group\\\/\",\"name\":\"UEMJ Indic\u00a0Knowledge Systems\u00a0Research Group - UEM Jaipur\",\"isPartOf\":{\"@id\":\"https:\\\/\\\/uem.edu.in\\\/uem-jaipur\\\/#website\"},\"datePublished\":\"2026-03-27T07:50:12+00:00\",\"dateModified\":\"2026-03-27T08:44:27+00:00\",\"breadcrumb\":{\"@id\":\"https:\\\/\\\/uem.edu.in\\\/uem-jaipur\\\/uemj-indic-knowledge-systems-research-group\\\/#breadcrumb\"},\"inLanguage\":\"en-US\",\"potentialAction\":[{\"@type\":\"ReadAction\",\"target\":[\"https:\\\/\\\/uem.edu.in\\\/uem-jaipur\\\/uemj-indic-knowledge-systems-research-group\\\/\"]}]},{\"@type\":\"BreadcrumbList\",\"@id\":\"https:\\\/\\\/uem.edu.in\\\/uem-jaipur\\\/uemj-indic-knowledge-systems-research-group\\\/#breadcrumb\",\"itemListElement\":[{\"@type\":\"ListItem\",\"position\":1,\"name\":\"Home\",\"item\":\"https:\\\/\\\/uem.edu.in\\\/uem-jaipur\\\/\"},{\"@type\":\"ListItem\",\"position\":2,\"name\":\"UEMJ Indic\u00a0Knowledge Systems\u00a0Research Group\"}]},{\"@type\":\"WebSite\",\"@id\":\"https:\\\/\\\/uem.edu.in\\\/uem-jaipur\\\/#website\",\"url\":\"https:\\\/\\\/uem.edu.in\\\/uem-jaipur\\\/\",\"name\":\"UEM Jaipur\",\"description\":\"University of Engineering &amp; Management Jaipur\",\"publisher\":{\"@id\":\"https:\\\/\\\/uem.edu.in\\\/uem-jaipur\\\/#organization\"},\"potentialAction\":[{\"@type\":\"SearchAction\",\"target\":{\"@type\":\"EntryPoint\",\"urlTemplate\":\"https:\\\/\\\/uem.edu.in\\\/uem-jaipur\\\/?s={search_term_string}\"},\"query-input\":{\"@type\":\"PropertyValueSpecification\",\"valueRequired\":true,\"valueName\":\"search_term_string\"}}],\"inLanguage\":\"en-US\"},{\"@type\":\"Organization\",\"@id\":\"https:\\\/\\\/uem.edu.in\\\/uem-jaipur\\\/#organization\",\"name\":\"UEM Jaipur\",\"url\":\"https:\\\/\\\/uem.edu.in\\\/uem-jaipur\\\/\",\"logo\":{\"@type\":\"ImageObject\",\"inLanguage\":\"en-US\",\"@id\":\"https:\\\/\\\/uem.edu.in\\\/uem-jaipur\\\/#\\\/schema\\\/logo\\\/image\\\/\",\"url\":\"https:\\\/\\\/media.uem.edu.in\\\/uploads\\\/sites\\\/3\\\/2016\\\/03\\\/UEM-Logo-1.png\",\"contentUrl\":\"https:\\\/\\\/media.uem.edu.in\\\/uploads\\\/sites\\\/3\\\/2016\\\/03\\\/UEM-Logo-1.png\",\"width\":597,\"height\":418,\"caption\":\"UEM Jaipur\"},\"image\":{\"@id\":\"https:\\\/\\\/uem.edu.in\\\/uem-jaipur\\\/#\\\/schema\\\/logo\\\/image\\\/\"},\"sameAs\":[\"https:\\\/\\\/www.facebook.com\\\/uemjpr\\\/\",\"https:\\\/\\\/x.com\\\/jaipur_uem\",\"https:\\\/\\\/www.youtube.com\\\/@UEMJaipurOffical\",\"https:\\\/\\\/www.instagram.com\\\/jaipur_uem\\\/\"]}]}<\/script>\n<!-- \/ Yoast SEO plugin. -->","yoast_head_json":{"title":"UEMJ Indic\u00a0Knowledge Systems\u00a0Research Group - UEM Jaipur","robots":{"index":"index","follow":"follow","max-snippet":"max-snippet:-1","max-image-preview":"max-image-preview:large","max-video-preview":"max-video-preview:-1"},"canonical":"https:\/\/uem.edu.in\/uem-jaipur\/uemj-indic-knowledge-systems-research-group\/","og_locale":"en_US","og_type":"article","og_title":"UEMJ Indic\u00a0Knowledge Systems\u00a0Research Group - UEM Jaipur","og_description":"UEMJ Indic Knowledge Systems Research Group Bh\u0101rat\u012bya J\u00f1\u0101na Parampar\u0101 Vision &amp; Mission Research Area Faculty Members Contact Vision To foster an innovative research ecosystem that celebrates and advances India&#8217;s rich intellectual heritage, providing a platform for faculty and students to engage in high-impact, interdisciplinary projects in the domain of Indian Knowledge Systems. Mission To catalyze &hellip; Continued","og_url":"https:\/\/uem.edu.in\/uem-jaipur\/uemj-indic-knowledge-systems-research-group\/","og_site_name":"UEM Jaipur","article_publisher":"https:\/\/www.facebook.com\/uemjpr\/","article_modified_time":"2026-03-27T08:44:27+00:00","twitter_card":"summary_large_image","twitter_site":"@jaipur_uem","twitter_misc":{"Est. reading time":"3 minutes"},"schema":{"@context":"https:\/\/schema.org","@graph":[{"@type":"WebPage","@id":"https:\/\/uem.edu.in\/uem-jaipur\/uemj-indic-knowledge-systems-research-group\/","url":"https:\/\/uem.edu.in\/uem-jaipur\/uemj-indic-knowledge-systems-research-group\/","name":"UEMJ Indic\u00a0Knowledge Systems\u00a0Research Group - UEM Jaipur","isPartOf":{"@id":"https:\/\/uem.edu.in\/uem-jaipur\/#website"},"datePublished":"2026-03-27T07:50:12+00:00","dateModified":"2026-03-27T08:44:27+00:00","breadcrumb":{"@id":"https:\/\/uem.edu.in\/uem-jaipur\/uemj-indic-knowledge-systems-research-group\/#breadcrumb"},"inLanguage":"en-US","potentialAction":[{"@type":"ReadAction","target":["https:\/\/uem.edu.in\/uem-jaipur\/uemj-indic-knowledge-systems-research-group\/"]}]},{"@type":"BreadcrumbList","@id":"https:\/\/uem.edu.in\/uem-jaipur\/uemj-indic-knowledge-systems-research-group\/#breadcrumb","itemListElement":[{"@type":"ListItem","position":1,"name":"Home","item":"https:\/\/uem.edu.in\/uem-jaipur\/"},{"@type":"ListItem","position":2,"name":"UEMJ Indic\u00a0Knowledge Systems\u00a0Research Group"}]},{"@type":"WebSite","@id":"https:\/\/uem.edu.in\/uem-jaipur\/#website","url":"https:\/\/uem.edu.in\/uem-jaipur\/","name":"UEM Jaipur","description":"University of Engineering &amp; Management Jaipur","publisher":{"@id":"https:\/\/uem.edu.in\/uem-jaipur\/#organization"},"potentialAction":[{"@type":"SearchAction","target":{"@type":"EntryPoint","urlTemplate":"https:\/\/uem.edu.in\/uem-jaipur\/?s={search_term_string}"},"query-input":{"@type":"PropertyValueSpecification","valueRequired":true,"valueName":"search_term_string"}}],"inLanguage":"en-US"},{"@type":"Organization","@id":"https:\/\/uem.edu.in\/uem-jaipur\/#organization","name":"UEM Jaipur","url":"https:\/\/uem.edu.in\/uem-jaipur\/","logo":{"@type":"ImageObject","inLanguage":"en-US","@id":"https:\/\/uem.edu.in\/uem-jaipur\/#\/schema\/logo\/image\/","url":"https:\/\/media.uem.edu.in\/uploads\/sites\/3\/2016\/03\/UEM-Logo-1.png","contentUrl":"https:\/\/media.uem.edu.in\/uploads\/sites\/3\/2016\/03\/UEM-Logo-1.png","width":597,"height":418,"caption":"UEM Jaipur"},"image":{"@id":"https:\/\/uem.edu.in\/uem-jaipur\/#\/schema\/logo\/image\/"},"sameAs":["https:\/\/www.facebook.com\/uemjpr\/","https:\/\/x.com\/jaipur_uem","https:\/\/www.youtube.com\/@UEMJaipurOffical","https:\/\/www.instagram.com\/jaipur_uem\/"]}]}},"jetpack_shortlink":"https:\/\/wp.me\/P7ldD4-6jb","jetpack_sharing_enabled":true,"_links":{"self":[{"href":"https:\/\/uem.edu.in\/uem-jaipur\/wp-json\/wp\/v2\/pages\/24253","targetHints":{"allow":["GET"]}}],"collection":[{"href":"https:\/\/uem.edu.in\/uem-jaipur\/wp-json\/wp\/v2\/pages"}],"about":[{"href":"https:\/\/uem.edu.in\/uem-jaipur\/wp-json\/wp\/v2\/types\/page"}],"author":[{"embeddable":true,"href":"https:\/\/uem.edu.in\/uem-jaipur\/wp-json\/wp\/v2\/users\/1"}],"replies":[{"embeddable":true,"href":"https:\/\/uem.edu.in\/uem-jaipur\/wp-json\/wp\/v2\/comments?post=24253"}],"version-history":[{"count":2,"href":"https:\/\/uem.edu.in\/uem-jaipur\/wp-json\/wp\/v2\/pages\/24253\/revisions"}],"predecessor-version":[{"id":24285,"href":"https:\/\/uem.edu.in\/uem-jaipur\/wp-json\/wp\/v2\/pages\/24253\/revisions\/24285"}],"wp:attachment":[{"href":"https:\/\/uem.edu.in\/uem-jaipur\/wp-json\/wp\/v2\/media?parent=24253"}],"curies":[{"name":"wp","href":"https:\/\/api.w.org\/{rel}","templated":true}]}}